{"id":1304,"date":"2018-02-08T04:25:01","date_gmt":"2018-02-08T04:25:01","guid":{"rendered":"https:\/\/fe-propertysales.de\/?page_id=1304"},"modified":"2018-02-08T07:53:36","modified_gmt":"2018-02-08T07:53:36","slug":"tourism","status":"publish","type":"page","link":"https:\/\/fe-propertysales.de\/en\/about-canada\/tourism\/","title":{"rendered":"Tourism"},"content":{"rendered":"<h1><span id=\"result_box\" class=\"short_text\" lang=\"en\"><span class=\"\">Canada &#8211; a country to feel good<\/span><\/span><\/h1>\n<p><span id=\"result_box\" class=\"\" lang=\"en\"><span title=\"Viel Natur, attraktive Freizeitangebote und bekannte Sehensw\u00fcrdigkeiten bilden die Basis f\u00fcr einen gesunden, sanften Tourismus in Cape Breton Island und Nova Scotia.\n\n\">Lots of nature, attractive leisure facilities and well-known attractions form the basis for healthy, gentle tourism in Cape Breton Island and Nova Scotia.<\/p>\n<p><\/span><span title=\"Das maritime Klima in Nova Scotia entspricht so gar nicht den Vorstellungen, die viele Menschen vom canadischen Wetter haben.\">The maritime climate in Nova Scotia does not meet the expectations that many people have of the Canadian weather. <\/span><span title=\"Vom Cabottrail aus, einer der sch\u00f6nsten K\u00fcstenstra\u00dfen weltweit, l\u00e4sst sich der abwechslungsreiche Charakter der Landschaft am besten erleben.\">From the Cabottrail, one of the most beautiful coastal roads in the world, you can best experience the varied character of the landscape. <\/span><span title=\"Das Naturschauspiel des Indian Summer lockt jeden Herbst viele Touristen herbei.\">The natural spectacle of Indian Summer attracts many tourists every autumn. <\/span><span title=\"Kulinarische Freuden kommen nat\u00fcrlich auch nicht zu kurz: insbesondere Hummer und andere Meeresfr\u00fcchte spielen eine gro\u00dfe Rolle in der hiesigen K\u00fcche.\">Culinary delights are of course not too short: especially lobster and other seafood play a big role in the local cuisine. <\/span><span title=\"Etliche gute Restaurants erwarten Sie hier.\n\n\">Several good restaurants await you here.<\/p>\n<p><\/span><span title=\"Jegliche Art von Wassersport, wie Segeln, Angeln oder Walbeobachtung in direkter K\u00fcstenn\u00e4he sind nicht nur Erlebnisse f\u00fcr kleine Kinder.\">Any kind of water sports, such as sailing, fishing or whale watching in the direct coastal area are not only experiences for small children. <\/span><span title=\"Jagdm\u00f6glichkeiten in ausgedehnten W\u00e4ldern oder Motorradtouren durch traumhafte Landschaften erwarten den Besucher.\n\n\">Hunting opportunities in extensive forests or motorcycle tours through beautiful landscapes await the visitor.<\/p>\n<p><\/span><span title=\"Geschichte zum Anfassen, z.\">History to touch, z. <\/span><span title=\"B. Fortress of Luisbourg, laden Sie ein auf eine historische Entdeckungsreise der besonderen Art. Im Winter kann Nova Scotia mit Eisangeln, Rodeln, Langlauf- und Abfahrtsski sowie Snowmobil fahren aufwarten.\">Fortress of Luisbourg, for example, invites you on a historic voyage of discovery. In winter, Nova Scotia offers ice fishing, tobogganing, cross-country and downhill skiing and snowmobiling.<\/span><\/span><\/p>\n","protected":false},"excerpt":{"rendered":"<p>Canada &#8211; a country to feel good Lots of nature, attractive leisure facilities and well-known attractions form the basis for healthy, gentle tourism in Cape<\/p>\n","protected":false},"author":1,"featured_media":0,"parent":214,"menu_order":3,"comment_status":"closed","ping_status":"closed","template":"","meta":{"footnotes":""},"class_list":["post-1304","page","type-page","status-publish","hentry"],"amp_enabled":true,"_links":{"self":[{"href":"https:\/\/fe-propertysales.de\/en\/wp-json\/wp\/v2\/pages\/1304","targetHints":{"allow":["GET"]}}],"collection":[{"href":"https:\/\/fe-propertysales.de\/en\/wp-json\/wp\/v2\/pages"}],"about":[{"href":"https:\/\/fe-propertysales.de\/en\/wp-json\/wp\/v2\/types\/page"}],"author":[{"embeddable":true,"href":"https:\/\/fe-propertysales.de\/en\/wp-json\/wp\/v2\/users\/1"}],"replies":[{"embeddable":true,"href":"https:\/\/fe-propertysales.de\/en\/wp-json\/wp\/v2\/comments?post=1304"}],"version-history":[{"count":0,"href":"https:\/\/fe-propertysales.de\/en\/wp-json\/wp\/v2\/pages\/1304\/revisions"}],"up":[{"embeddable":true,"href":"https:\/\/fe-propertysales.de\/en\/wp-json\/wp\/v2\/pages\/214"}],"wp:attachment":[{"href":"https:\/\/fe-propertysales.de\/en\/wp-json\/wp\/v2\/media?parent=1304"}],"curies":[{"name":"wp","href":"https:\/\/api.w.org\/{rel}","templated":true}]}}